{"id":2,"date":"2015-01-09T19:23:35","date_gmt":"2015-01-09T19:23:35","guid":{"rendered":"http:\/\/www.kimson.fr\/?page_id=2"},"modified":"2021-09-13T19:07:46","modified_gmt":"2021-09-13T18:07:46","slug":"page-d-exemple","status":"publish","type":"page","link":"https:\/\/www.kimson.fr\/","title":{"rendered":"Accueil"},"content":{"rendered":"\n<p><strong>Install\u00e9e \u00e0 La Seyne-sur-mer, l'entreprise KIM SON effectue diff\u00e9rents travaux de r\u00e9novations et de finitions<\/strong><\/p>\n\n\n\n<h3>PLATRERIE<\/h3>\n\n\n\n<p>Pour r\u00e9nover l'int\u00e9rieur de son logement ou de son lieu de travail, le pl\u00e2tre est une des meilleures solutions. Sous forme traditionnelle (reprise d'enduit en diff\u00e9rentes passes) ou par la pose de plaque, pour la cr\u00e9ation de cloison, pour doubler un mur ou pour r\u00e9aliser un faux plafond, le pl\u00e2tre am\u00e8ne un aspect authentique.<\/p>\n\n\n\n<h3>PEINTURE<\/h3>\n\n\n\n<p>Que vous souhaitiez peindre un mur, un meuble, des boiseries, une peinture remet au go\u00fbt du jour et une nouvelle couleur peut tout changer et m\u00eame donner du style avec sa finition mate, velours ou brillante.<\/p>\n\n\n\n<h3>STRATIFIES ET SOLS SOUPLES<\/h3>\n\n\n\n<p>Les parquets stratifi\u00e9s et sols souples repr\u00e9sentent une alternative esth\u00e9tique aux sols plus classiques. Ces rev\u00eatements imitent \u00e0 la perfection des mat\u00e9riaux plus nobles (bois, carrelage, marbre, etc.) tout en restant plus faciles d'entretien et plus accessibles.<\/p>\n\n\n\n<h3>RENOVATION SALLE DE BAIN \/ CUISINE<\/h3>\n\n\n\n<p>Envie de changer sa baignoire en douche italienne ? Besoin de changer sa cuisine ? L'entreprise KIM SON avec ses partenaires (plomberie, \u00e9lectricit\u00e9, carrelage) se charge de tout.<\/p>\n","protected":false},"excerpt":{"rendered":"<p>Install\u00e9e \u00e0 La Seyne-sur-mer, l&rsquo;entreprise KIM SON effectue diff\u00e9rents travaux de r\u00e9novations et de finitions PLATRERIE Pour r\u00e9nover l&rsquo;int\u00e9rieur de son logement ou de son lieu de travail, le pl\u00e2tre est une des meilleures solutions&#8230;.<\/p>\n","protected":false},"author":1,"featured_media":0,"parent":0,"menu_order":0,"comment_status":"closed","ping_status":"closed","template":"","meta":[],"_links":{"self":[{"href":"https:\/\/www.kimson.fr\/index.php?rest_route=\/wp\/v2\/pages\/2"}],"collection":[{"href":"https:\/\/www.kimson.fr\/index.php?rest_route=\/wp\/v2\/pages"}],"about":[{"href":"https:\/\/www.kimson.fr\/index.php?rest_route=\/wp\/v2\/types\/page"}],"author":[{"embeddable":true,"href":"https:\/\/www.kimson.fr\/index.php?rest_route=\/wp\/v2\/users\/1"}],"replies":[{"embeddable":true,"href":"https:\/\/www.kimson.fr\/index.php?rest_route=%2Fwp%2Fv2%2Fcomments&post=2"}],"version-history":[{"count":47,"href":"https:\/\/www.kimson.fr\/index.php?rest_route=\/wp\/v2\/pages\/2\/revisions"}],"predecessor-version":[{"id":2470,"href":"https:\/\/www.kimson.fr\/index.php?rest_route=\/wp\/v2\/pages\/2\/revisions\/2470"}],"wp:attachment":[{"href":"https:\/\/www.kimson.fr\/index.php?rest_route=%2Fwp%2Fv2%2Fmedia&parent=2"}],"curies":[{"name":"wp","href":"https:\/\/api.w.org\/{rel}","templated":true}]}}